{"id":418,"date":"2017-03-23T04:57:26","date_gmt":"2017-03-23T04:57:26","guid":{"rendered":"http:\/\/kayapati.com\/demos\/casting\/?page_id=418"},"modified":"2017-04-30T22:18:05","modified_gmt":"2017-04-30T19:18:05","slug":"login","status":"publish","type":"page","link":"https:\/\/versiyonajans.com\/cast\/login\/","title":{"rendered":"G\u0130R\u0130\u015e"},"content":{"rendered":"<\/div><\/div><\/div><\/div>","protected":false},"excerpt":{"rendered":"","protected":false},"author":1,"featured_media":0,"parent":0,"menu_order":0,"comment_status":"closed","ping_status":"closed","template":"templates\/template-fullwidth.php","meta":[],"_links":{"self":[{"href":"https:\/\/versiyonajans.com\/cast\/wp-json\/wp\/v2\/pages\/418"}],"collection":[{"href":"https:\/\/versiyonajans.com\/cast\/wp-json\/wp\/v2\/pages"}],"about":[{"href":"https:\/\/versiyonajans.com\/cast\/wp-json\/wp\/v2\/types\/page"}],"author":[{"embeddable":true,"href":"https:\/\/versiyonajans.com\/cast\/wp-json\/wp\/v2\/users\/1"}],"replies":[{"embeddable":true,"href":"https:\/\/versiyonajans.com\/cast\/wp-json\/wp\/v2\/comments?post=418"}],"version-history":[{"count":2,"href":"https:\/\/versiyonajans.com\/cast\/wp-json\/wp\/v2\/pages\/418\/revisions"}],"predecessor-version":[{"id":631,"href":"https:\/\/versiyonajans.com\/cast\/wp-json\/wp\/v2\/pages\/418\/revisions\/631"}],"wp:attachment":[{"href":"https:\/\/versiyonajans.com\/cast\/wp-json\/wp\/v2\/media?parent=418"}],"curies":[{"name":"wp","href":"https:\/\/api.w.org\/{rel}","templated":true}]}}