{"id":102,"date":"2017-03-13T06:53:25","date_gmt":"2017-03-13T06:53:25","guid":{"rendered":"http:\/\/kayapati.com\/demos\/casting\/?page_id=102"},"modified":"2019-11-04T13:23:34","modified_gmt":"2019-11-04T10:23:34","slug":"iletisim","status":"publish","type":"page","link":"https:\/\/versiyonajans.com\/cast\/iletisim\/","title":{"rendered":"\u0130LET\u0130\u015e\u0130M"},"content":{"rendered":"<div id=\"pl-102\"  class=\"panel-layout\" ><div id=\"pg-102-0\"  class=\"panel-grid panel-no-style\" ><div id=\"pgc-102-0-0\"  class=\"panel-grid-cell\" ><div id=\"panel-102-0-0-0\" class=\"so-panel widget widget_text panel-first-child panel-last-child\" data-index=\"0\" >\t\t\t<div class=\"textwidget\"><p><iframe loading=\"lazy\" src=\"https:\/\/www.google.com\/maps\/embed?pb=!1m14!1m8!1m3!1d12032.169934142388!2d28.997559!3d41.068064!3m2!1i1024!2i768!4f13.1!3m3!1m2!1s0x0%3A0x7c5aa1749afe87a4!2sVersiyon+Ajans!5e0!3m2!1str!2str!4v1497627079315\" frameborder=\"0\" style=\"border:0\" allowfullscreen><\/iframe><\/p>\n<\/div>\n\t\t<\/div><\/div><div id=\"pgc-102-0-1\"  class=\"panel-grid-cell\" ><div id=\"panel-102-0-1-0\" class=\"so-panel widget widget_text panel-first-child panel-last-child\" data-index=\"1\" >\t\t\t<div class=\"textwidget\"><h3><strong>VERS\u0130YON AJANS<\/strong><br \/>\n<strong>MEDYA REKLAM TELEV\u0130ZYON M\u00dcZ\u0130K SANAY\u0130<\/strong><br \/>\n<strong>VE T\u0130CARET L\u0130M\u0130TED \u015e\u0130RKET\u0130<\/strong><\/h3>\n<div style=\"margin-bottom: 15px;\">\n<div class=\"vc_col-sm-6 wpb_column column_container _ height-full\">\n<h2 class=\"mk-fancy-title align-left simple-style color-single\"><strong>T\u00fcrkiye Ofis<\/strong><\/h2>\n<p>Mecidiyek\u00f6y Mah.Mecidiye Cad. \u00d6z Apt. No:17\/10, 34381 \u015ei\u015fli\/\u0130stanbul<\/p>\n<p>Tel.: 0212 266 91 11<\/p>\n<p>Whatsapp:\u00a0+905364483450<\/p>\n<\/div>\n<div class=\"vc_col-sm-6 wpb_column column_container _ height-full\">\n<div class=\"wpb_row vc_inner vc_row attched-false vc_row-fluid\">\n<div class=\"wpb_column vc_column_container vc_col-sm-12\">\n<div class=\"vc_column-inner \">\n<div class=\"wpb_wrapper\">\n<h2 class=\"mk-fancy-title align-left simple-style color-single\"><strong>Almanya Ofis<\/strong><\/h2>\n<div>42275 Wuppertal, Deutschland<\/div>\n<div><\/div>\n<div>Mob : +(49) 0163 59 69 715<\/div>\n<div>\u00a0Whatsapp:\u00a0+905364483450<\/div>\n<div><\/div>\n<div>Ust-Id Nr.:DE114103514<\/div>\n<div>StrNr.:131\/5113\/3984<\/div>\n<div><\/div>\n<\/div>\n<\/div>\n<\/div>\n<\/div>\n<\/div>\n<div style=\"margin-bottom: 15px;\">\n<p style=\"display: block; overflow: hidden; word-break: break-all;\">42275 Wuppertal, Deutschland<\/p>\n<\/div>\n<div style=\"margin-bottom: 15px; overflow: hidden;\">\n<p style=\"float: left; margin: 0px;\">versiyonajans@gmail.com<\/p>\n<\/div>\n<div style=\"margin-bottom: 15px;\">\n<p style=\"float: left; margin: 0px;\">0212 266 91 11<\/p>\n<\/div>\n<\/div>\n<\/div>\n\t\t<\/div><\/div><\/div><\/div>","protected":false},"excerpt":{"rendered":"<p>VERS\u0130YON AJANS MEDYA REKLAM TELEV\u0130ZYON M\u00dcZ\u0130K SANAY\u0130 VE T\u0130CARET L\u0130M\u0130TED \u015e\u0130RKET\u0130 T\u00fcrkiye Ofis Mecidiyek\u00f6y Mah.Mecidiye Cad. \u00d6z Apt. No:17\/10, 34381 \u015ei\u015fli\/\u0130stanbul Tel.: 0212 266 91 11 Whatsapp:\u00a0+905364483450 Almanya Ofis 42275 Wuppertal, Deutschland Mob : +(49) 0163 59 69 715 \u00a0Whatsapp:\u00a0+905364483450 Ust-Id Nr.:DE114103514 StrNr.:131\/5113\/3984 42275 Wuppertal, Deutschland versiyonajans@gmail.com 0212 266 91 11<\/p>\n","protected":false},"author":1,"featured_media":0,"parent":0,"menu_order":0,"comment_status":"closed","ping_status":"closed","template":"templates\/template-fullwidth.php","meta":[],"_links":{"self":[{"href":"https:\/\/versiyonajans.com\/cast\/wp-json\/wp\/v2\/pages\/102"}],"collection":[{"href":"https:\/\/versiyonajans.com\/cast\/wp-json\/wp\/v2\/pages"}],"about":[{"href":"https:\/\/versiyonajans.com\/cast\/wp-json\/wp\/v2\/types\/page"}],"author":[{"embeddable":true,"href":"https:\/\/versiyonajans.com\/cast\/wp-json\/wp\/v2\/users\/1"}],"replies":[{"embeddable":true,"href":"https:\/\/versiyonajans.com\/cast\/wp-json\/wp\/v2\/comments?post=102"}],"version-history":[{"count":12,"href":"https:\/\/versiyonajans.com\/cast\/wp-json\/wp\/v2\/pages\/102\/revisions"}],"predecessor-version":[{"id":1805,"href":"https:\/\/versiyonajans.com\/cast\/wp-json\/wp\/v2\/pages\/102\/revisions\/1805"}],"wp:attachment":[{"href":"https:\/\/versiyonajans.com\/cast\/wp-json\/wp\/v2\/media?parent=102"}],"curies":[{"name":"wp","href":"https:\/\/api.w.org\/{rel}","templated":true}]}}