{"id":100,"date":"2017-03-13T06:53:09","date_gmt":"2017-03-13T06:53:09","guid":{"rendered":"http:\/\/kayapati.com\/demos\/casting\/?page_id=100"},"modified":"2017-07-10T20:09:05","modified_gmt":"2017-07-10T17:09:05","slug":"hakkimizda","status":"publish","type":"page","link":"https:\/\/versiyonajans.com\/cast\/hakkimizda\/","title":{"rendered":"HAKKIMIZDA"},"content":{"rendered":"<div id=\"pl-100\"  class=\"panel-layout\" ><div id=\"pg-100-0\"  class=\"panel-grid panel-no-style\" ><div id=\"pgc-100-0-0\"  class=\"panel-grid-cell\" ><div id=\"panel-100-0-0-0\" class=\"so-panel widget widget_text panel-first-child panel-last-child\" data-index=\"0\" >\t\t\t<div class=\"textwidget\"><img src=\"http:\/\/versiyonajans.com\/cast\/wp-content\/uploads\/2017\/05\/versiyonkast1.png\" alt=\"img\" style=\"margin: 0px auto;display: block;\" \/>\n\n<\/div>\n\t\t<\/div><\/div><div id=\"pgc-100-0-1\"  class=\"panel-grid-cell\" ><div id=\"panel-100-0-1-0\" class=\"so-panel widget widget_text panel-first-child panel-last-child\" data-index=\"1\" ><div class=\"panel-widget-style panel-widget-style-for-100-0-1-0\" >\t\t\t<div class=\"textwidget\"><h1>Ajans\u0131m\u0131z Hakk\u0131nda<\/h1>\n<p>Reklam, dizi, sinema oyuncular\u0131, manken, model ve seslendirme sanat\u00e7\u0131lar\u0131, Reklam verenler, reklam ajanslar\u0131, prod\u00fcksiyon \u015firketleri, film \u015firketleri, foto\u011fraf prod\u00fcksiyonu yapan \u015firketler, halkla ili\u015fkiler \u015firketleri, moda tasar\u0131mc\u0131lar\u0131, tekstil \u015firketleri, tan\u0131t\u0131m-organizasyon hizmetleri veren, her t\u00fcrl\u00fc reklam mecralar\u0131n\u0131 kullanan, \u00fcretimini ve t\u00fcketimini yapan ayr\u0131ca kendilerini temsil eden mesleki kurulu\u015flar mevcut olan ve etkili faaliyet g\u00f6steren \u015firketlerle t\u00fcm ajans \u00fcyeleri aras\u0131nda her zaman y\u00fcksek standart ve ilkeleri \u00f6rneklendirecek \u00e7al\u0131\u015fmalar yapmak ve kurulu\u015flarla i\u015fbirli\u011fine gitmek,<\/p>\n<p>Verilen hizmetlerde y\u00fcksek kaliteyi yakalamak amac\u0131yla i\u015f anla\u015fmas\u0131, oyuncularla yap\u0131lan s\u00f6zle\u015fmeler v.b. hususlarda standart\u0131 sa\u011flamak,<\/p>\n<ul>\n<li>Toplumun reklam, dizi, sinema oyunculu\u011fu, modellik, mankenlik ve seslendirme mesleklerine ilgi duymalar\u0131n\u0131 te\u015fvik etmek. Reklam, dizi, sinema oyunculu\u011fu, modellik, mankenlik ve seslendirme konusunda toplumun e\u011fitim, \u00f6\u011fretim ve bilgilendirilmesine yard\u0131mc\u0131 olmak,<\/li>\n<li>\u0130lgili kurulu\u015f ve sekt\u00f6rler ile ticari ili\u015fkinin ilkelerini, standartlar\u0131n\u0131, fikri haklar\u0131n\u0131 t\u00fcketiciye kar\u015f\u0131 sorumluluk duygusuyla davranarak, ortakla\u015fa belirlemek ve ilgili konularda tavsiye ve \u00f6nerilerde bulunmak,<\/li>\n<li>Toplumsal ve kurumsal konularla ilgili ileti\u015fim ihtiya\u00e7lar\u0131n\u0131 incelemek, gerekti\u011finde bu konular\u0131n y\u00fcr\u00fct\u00fclmesi i\u00e7in ilgili mecralarla i\u015fbirli\u011fi yapmak,.<\/li>\n<li>Sanat\u00e7\u0131lara itibar kazand\u0131rmak ve bu itibar\u0131 korumak i\u00e7in ortak bir tutum saptamak ve sekt\u00f6re kar\u015f\u0131 haks\u0131z eylemler, k\u0131s\u0131tlama e\u011filimleri veya yasal d\u00fczenlemeler ortaya \u00e7\u0131kt\u0131\u011f\u0131nda mesleki s\u00f6zc\u00fcl\u00fck etmek, telif haklar\u0131n\u0131 korumak; yan\u0131 s\u0131ra \u00fcyelerinin ortak \u00e7\u0131karlar\u0131n\u0131 yarg\u0131 yoluyla korumak,<\/li>\n<li>Maksad\u0131yla cast ajans\u0131m\u0131z, 2017 y\u0131l\u0131nda g\u00f6rev hayat\u0131na ba\u015flam\u0131\u015ft\u0131r.<\/li>\n<\/ul>\n<p><img src=\"http:\/\/versiyonajans.com\/cast\/wp-content\/uploads\/2017\/05\/g3800-4-3.png\" alt=\"img\" \/><\/p>\n<\/div>\n\t\t<\/div><\/div><\/div><\/div><\/div>","protected":false},"excerpt":{"rendered":"<p>Ajans\u0131m\u0131z Hakk\u0131nda Reklam, dizi, sinema oyuncular\u0131, manken, model ve seslendirme sanat\u00e7\u0131lar\u0131, Reklam verenler, reklam ajanslar\u0131, prod\u00fcksiyon \u015firketleri, film \u015firketleri, foto\u011fraf prod\u00fcksiyonu yapan \u015firketler, halkla ili\u015fkiler \u015firketleri, moda tasar\u0131mc\u0131lar\u0131, tekstil \u015firketleri, tan\u0131t\u0131m-organizasyon hizmetleri veren, her t\u00fcrl\u00fc reklam mecralar\u0131n\u0131 kullanan, \u00fcretimini ve t\u00fcketimini yapan ayr\u0131ca kendilerini temsil eden mesleki kurulu\u015flar mevcut olan ve etkili faaliyet g\u00f6steren \u015firketlerle [&hellip;]<\/p>\n","protected":false},"author":1,"featured_media":0,"parent":0,"menu_order":0,"comment_status":"closed","ping_status":"closed","template":"templates\/template-fullwidth.php","meta":[],"_links":{"self":[{"href":"https:\/\/versiyonajans.com\/cast\/wp-json\/wp\/v2\/pages\/100"}],"collection":[{"href":"https:\/\/versiyonajans.com\/cast\/wp-json\/wp\/v2\/pages"}],"about":[{"href":"https:\/\/versiyonajans.com\/cast\/wp-json\/wp\/v2\/types\/page"}],"author":[{"embeddable":true,"href":"https:\/\/versiyonajans.com\/cast\/wp-json\/wp\/v2\/users\/1"}],"replies":[{"embeddable":true,"href":"https:\/\/versiyonajans.com\/cast\/wp-json\/wp\/v2\/comments?post=100"}],"version-history":[{"count":10,"href":"https:\/\/versiyonajans.com\/cast\/wp-json\/wp\/v2\/pages\/100\/revisions"}],"predecessor-version":[{"id":769,"href":"https:\/\/versiyonajans.com\/cast\/wp-json\/wp\/v2\/pages\/100\/revisions\/769"}],"wp:attachment":[{"href":"https:\/\/versiyonajans.com\/cast\/wp-json\/wp\/v2\/media?parent=100"}],"curies":[{"name":"wp","href":"https:\/\/api.w.org\/{rel}","templated":true}]}}