{"id":80,"date":"2017-03-13T04:53:47","date_gmt":"2017-03-13T04:53:47","guid":{"rendered":"http:\/\/kayapati.com\/demos\/casting\/?page_id=80"},"modified":"2017-06-20T06:40:26","modified_gmt":"2017-06-20T03:40:26","slug":"home","status":"publish","type":"page","link":"https:\/\/versiyonajans.com\/cast\/en\/","title":{"rendered":"HOME"},"content":{"rendered":"<div id=\"pl-80\"  class=\"panel-layout\" ><div id=\"pg-80-0\"  class=\"panel-grid panel-has-style\" ><div class=\"panel-row-style panel-row-style-for-80-0\" ><div id=\"pgc-80-0-0\"  class=\"panel-grid-cell\" ><div id=\"panel-80-0-0-0\" class=\"so-panel widget widget_sow-layout-slider panel-first-child panel-last-child\" data-index=\"0\" ><div\n\t\t\t\n\t\t\tclass=\"so-widget-sow-layout-slider so-widget-sow-layout-slider-default-2d542b2326eb-80\"\n\t\t\t\n\t\t><div class=\"sow-slider-base\" style=\"display: none\"><ul\n\t\t\t\t\tclass=\"sow-slider-images\"\n\t\t\t\t\tdata-settings=\"{&quot;pagination&quot;:true,&quot;speed&quot;:800,&quot;timeout&quot;:8000,&quot;paused&quot;:false,&quot;pause_on_hover&quot;:false,&quot;swipe&quot;:true,&quot;nav_always_show_desktop&quot;:&quot;&quot;,&quot;nav_always_show_mobile&quot;:&quot;&quot;,&quot;breakpoint&quot;:&quot;780px&quot;,&quot;unmute&quot;:false,&quot;anchor&quot;:null}\"\n\t\t\t\t\tstyle=\"min-height: 660px\"\t\t\t\t>\t\t<li class=\"sow-slider-image\" style=\"background-color: #ffffff;cursor: pointer;\" data-url=\"{&quot;url&quot;:&quot;http:\\\/\\\/versiyonajans.com\\\/cast\\\/index.php\\\/basvuru-formu\\\/&quot;,&quot;new_window&quot;:false}\" >\n\t\t\t\t\t<div class=\"sow-slider-image-container\">\n\t\t\t<div class=\"sow-slider-image-wrapper\">\n\t\t\t\t\t\t\t<\/div>\n\t\t<\/div>\n\t\t<video class=\"sow-background-element\" autoplay  style=\"opacity: 1\" muted playsinline><source src=\"https:\/\/versiyonajans.com\/cast\/wp-content\/uploads\/2017\/03\/Filmim111.mp4\" type=\"video\/mp4\"><\/video>\t\t<\/li>\n\t\t\t\t<li class=\"sow-slider-image\" style=\"background-color: #ffffff;cursor: pointer;\" data-url=\"{&quot;url&quot;:&quot;http:\\\/\\\/versiyonajans.com\\\/cast\\\/index.php\\\/basvuru-formu\\\/&quot;,&quot;new_window&quot;:false}\" >\n\t\t\t\t\t<div class=\"sow-slider-image-container\">\n\t\t\t<div class=\"sow-slider-image-wrapper\">\n\t\t\t\t<div id=\"pl-w2d7a0c58\"  class=\"panel-layout\" ><div id=\"pg-w2d7a0c58-0\"  class=\"panel-grid panel-no-style\" ><div id=\"pgc-w2d7a0c58-0-0\"  class=\"panel-grid-cell\" ><div id=\"panel-w2d7a0c58-0-0-0\" class=\"so-panel widget widget_text panel-first-child panel-last-child\" data-index=\"0\" ><div class=\"panel-widget-style panel-widget-style-for-w2d7a0c58-0-0-0\" >\t\t\t<div class=\"textwidget\"><p><span style=\"color: #ffffff; font-size: xx-large;\"><strong><span style=\"background-color: rgba(0, 0, 0, 0.3);\">Yeni film ve dizi projelerimizde yer al\u0131cak 7&#8217;den 77&#8217;ye yeni <\/span><\/strong><\/span><\/p>\n<p><span style=\"color: #ffffff; font-size: xx-large;\"><strong><span style=\"background-color: rgba(0, 0, 0, 0.3);\">y\u00fczler ar\u0131yoruz. <\/span><\/strong><\/span><\/p>\n<p><span style=\"color: #ffffff; font-size: xx-large;\"><strong><span style=\"background-color: rgba(0, 0, 0, 0.3);\">Ba\u015fvuru yapmak i\u00e7in T\u0131klay\u0131n!\u00a0<\/span><\/strong><\/span><\/p>\n<\/div>\n\t\t<\/div><\/div><\/div><\/div><\/div>\t\t\t<\/div>\n\t\t<\/div>\n\t\t<video class=\"sow-background-element\" autoplay  style=\"opacity: 1\" muted playsinline><source src=\"https:\/\/versiyonajans.com\/cast\/wp-content\/uploads\/2017\/03\/Filmim1.mp4\" type=\"video\/mp4\"><\/video>\t\t<\/li>\n\t\t<\/ul>\t\t\t\t<ol class=\"sow-slider-pagination\">\n\t\t\t\t\t\t\t\t\t\t\t<li><a href=\"#\" data-goto=\"0\" aria-label=\"display slide 1\"><\/a><\/li>\n\t\t\t\t\t\t\t\t\t\t\t<li><a href=\"#\" data-goto=\"1\" aria-label=\"display slide 2\"><\/a><\/li>\n\t\t\t\t\t\t\t\t\t<\/ol>\n\n\t\t\t\t<div class=\"sow-slide-nav sow-slide-nav-next\">\n\t\t\t\t\t<a href=\"#\" data-goto=\"next\" aria-label=\"next slide\" data-action=\"next\">\n\t\t\t\t\t\t<em class=\"sow-sld-icon-thin-right\"><\/em>\n\t\t\t\t\t<\/a>\n\t\t\t\t<\/div>\n\n\t\t\t\t<div class=\"sow-slide-nav sow-slide-nav-prev\">\n\t\t\t\t\t<a href=\"#\" data-goto=\"previous\" aria-label=\"previous slide\" data-action=\"prev\">\n\t\t\t\t\t\t<em class=\"sow-sld-icon-thin-left\"><\/em>\n\t\t\t\t\t<\/a>\n\t\t\t\t<\/div>\n\t\t\t\t<\/div><\/div><\/div><\/div><\/div><\/div><\/div>","protected":false},"excerpt":{"rendered":"<p>Yeni film ve dizi projelerimizde yer al\u0131cak 7&#8217;den 77&#8217;ye yeni y\u00fczler ar\u0131yoruz. Ba\u015fvuru yapmak i\u00e7in T\u0131klay\u0131n!\u00a0<\/p>\n","protected":false},"author":1,"featured_media":0,"parent":0,"menu_order":0,"comment_status":"closed","ping_status":"closed","template":"templates\/template-fullwidth.php","meta":[],"_links":{"self":[{"href":"https:\/\/versiyonajans.com\/cast\/en\/wp-json\/wp\/v2\/pages\/80"}],"collection":[{"href":"https:\/\/versiyonajans.com\/cast\/en\/wp-json\/wp\/v2\/pages"}],"about":[{"href":"https:\/\/versiyonajans.com\/cast\/en\/wp-json\/wp\/v2\/types\/page"}],"author":[{"embeddable":true,"href":"https:\/\/versiyonajans.com\/cast\/en\/wp-json\/wp\/v2\/users\/1"}],"replies":[{"embeddable":true,"href":"https:\/\/versiyonajans.com\/cast\/en\/wp-json\/wp\/v2\/comments?post=80"}],"version-history":[{"count":60,"href":"https:\/\/versiyonajans.com\/cast\/en\/wp-json\/wp\/v2\/pages\/80\/revisions"}],"predecessor-version":[{"id":763,"href":"https:\/\/versiyonajans.com\/cast\/en\/wp-json\/wp\/v2\/pages\/80\/revisions\/763"}],"wp:attachment":[{"href":"https:\/\/versiyonajans.com\/cast\/en\/wp-json\/wp\/v2\/media?parent=80"}],"curies":[{"name":"wp","href":"https:\/\/api.w.org\/{rel}","templated":true}]}}